{"id":1753,"date":"2025-03-13T17:50:41","date_gmt":"2025-03-13T10:50:41","guid":{"rendered":"https:\/\/gemlogin.vn\/?page_id=1753"},"modified":"2025-03-19T21:44:03","modified_gmt":"2025-03-19T14:44:03","slug":"dieu-khoan-su-dung","status":"publish","type":"page","link":"https:\/\/gemlogin.vn\/pt\/termos-de-uso\/","title":{"rendered":"Termos de Uso"},"content":{"rendered":"<p><strong>Bem-vindo ao GemLogin!<\/strong><br>Estes termos se aplicam ao seu uso do site, servi\u00e7os e aplicativos de computador. <strong>GemLogin<\/strong> (coletivamente, \u201cGemLogin\u201d, \u201cn\u00f3s\u201d, \u201cnos\u201d). Quando voc\u00ea acessa, baixa ou usa qualquer um dos servi\u00e7os de <strong>GemLogin<\/strong>, significa que voc\u00ea leu, entendeu e concordou com todos estes termos, bem como <strong>pol\u00edtica de Privacidade<\/strong> nosso.<\/p>\n\n\n\n<h3 class=\"wp-block-heading\"><strong>Servi\u00e7o GemLogin<\/strong><\/h3>\n\n\n\n<p>Oferecemos um servi\u00e7o para criar, gerenciar, compartilhar e usar arquivos de configura\u00e7\u00e3o de navegador virtual em um ou mais dispositivos, al\u00e9m de controlar a impress\u00e3o digital do navegador e do dispositivo por meio do aplicativo. Saiba mais sobre o servi\u00e7o em nosso site.<\/p>\n\n\n\n<p>Reservamo-nos o direito de limitar o n\u00famero de servi\u00e7os que fornecemos.<\/p>\n\n\n\n<p>Estamos comprometidos com a qualidade do servi\u00e7o e faremos o melhor para superar suas expectativas.<\/p>\n\n\n\n<h3 class=\"wp-block-heading\"><strong>Termos de Uso<\/strong><\/h3>\n\n\n\n<p>Voc\u00ea deve atender a certos crit\u00e9rios para usar nossos servi\u00e7os. <strong>GemLogin<\/strong>. Voc\u00ea pode seguir o site <strong>GemLogin<\/strong> sem registrar uma conta. No entanto, ao registrar uma conta, voc\u00ea deve ter pelo menos <strong>18 anos de idade<\/strong> ou maior de idade onde voc\u00ea reside. Voc\u00ea \u00e9 respons\u00e1vel pela sua conta e por todas as atividades nela realizadas.<\/p>\n\n\n\n<p>Ao acessar ou utilizar nossos servi\u00e7os, voc\u00ea concorda em n\u00e3o violar nenhuma lei, direitos contratuais, direitos de propriedade intelectual ou direitos de terceiros, nem em cometer quaisquer atos prejudiciais. Voc\u00ea \u00e9 o \u00fanico respons\u00e1vel por todas as suas a\u00e7\u00f5es ao utilizar os servi\u00e7os.<\/p>\n\n\n\n<p>Especificamente, voc\u00ea n\u00e3o pode:<\/p>\n\n\n\n<ul class=\"wp-block-list\">\n<li>Viola\u00e7\u00e3o ou infra\u00e7\u00e3o dos direitos de outra pessoa, viola\u00e7\u00e3o da lei ou contrato.<\/li>\n\n\n\n<li>Danificar computadores de outras pessoas.<\/li>\n\n\n\n<li>Distribuir v\u00edrus ou conte\u00fado malicioso que interrompa o servi\u00e7o.<\/li>\n\n\n\n<li>Tentar interferir no funcionamento normal de <strong>GemLogin<\/strong>.<\/li>\n\n\n\n<li>Usar a conta de outra pessoa sem permiss\u00e3o.<\/li>\n\n\n\n<li>Danos a sistemas, dados, senhas ou informa\u00e7\u00f5es <strong>GemLogin<\/strong> ou terceiros.<\/li>\n\n\n\n<li>Causar sobrecarga em nossos sistemas ou nos sistemas de terceiros.<\/li>\n<\/ul>\n\n\n\n<h3 class=\"wp-block-heading\"><strong>Pacote de Assinatura<\/strong><\/h3>\n\n\n\n<p>Depois de instalar o aplicativo e configurar sua conta, voc\u00ea pode escolher <strong>Pacote de assinatura padr\u00e3o<\/strong> apropriado. O custo e os recursos de cada pacote de servi\u00e7os est\u00e3o descritos na p\u00e1gina. <strong>Lista de pre\u00e7os<\/strong> em <strong><a>https:\/\/gemlogin.vn\/bang-gia<\/a><\/strong>.<\/p>\n\n\n\n<p>Se precisar de uma solu\u00e7\u00e3o personalizada, entre em contato conosco. <strong>suporte ao cliente<\/strong> atrav\u00e9s de <strong><a href=\"https:\/\/www.facebook.com\/profile.php?id=61559835616755\" target=\"_blank\" rel=\"noopener\">Fanpage oficial<\/a><\/strong> para conselhos<\/p>\n\n\n\n<h3 class=\"wp-block-heading\"><strong>Excluir conta<\/strong><\/h3>\n\n\n\n<p>Voc\u00ea pode entrar em contato conosco para excluir sua conta no site ou aplicativo. Observe que, ap\u00f3s excluir sua conta, <strong>todos os dados<\/strong> na sua conta e a conta do membro do grupo tamb\u00e9m ser\u00e1 exclu\u00edda. Se voc\u00ea quiser se registrar novamente, voc\u00ea deve <strong>novo registro<\/strong> para usar o servi\u00e7o.<\/p>\n\n\n\n<h3 class=\"wp-block-heading\"><strong>Isen\u00e7\u00e3o de responsabilidade<\/strong><\/h3>\n\n\n\n<p>N\u00f3s <strong>n\u00e3o \u00e9 respons\u00e1vel<\/strong> nos seguintes casos:<\/p>\n\n\n\n<ul class=\"wp-block-list\">\n<li>O servidor est\u00e1 inacess\u00edvel ou os dados foram perdidos porque o usu\u00e1rio n\u00e3o renovou o servi\u00e7o no prazo.<\/li>\n\n\n\n<li>Erros causados por erro do usu\u00e1rio ou viola\u00e7\u00e3o dos termos de uso.<\/li>\n\n\n\n<li>Inacessibilidade ou perda de dados devido a for\u00e7a maior, como desastres naturais, ataques de nega\u00e7\u00e3o de servi\u00e7o distribu\u00eddo (DDoS), manuten\u00e7\u00e3o do sistema.<\/li>\n\n\n\n<li>Falha de rede em larga escala, fora do nosso controle.<\/li>\n<\/ul>\n\n\n\n<p>N\u00f3s <strong>recomenda\u00e7\u00e3o<\/strong> os usu\u00e1rios devem <strong>fa\u00e7a backup de dados regularmente<\/strong> para garantir a seguran\u00e7a dos dados e manter opera\u00e7\u00f5es est\u00e1veis. <strong>A GemLogin n\u00e3o tem obriga\u00e7\u00e3o de fornecer dados de backup.<\/strong> para usu\u00e1rios.<\/p>\n\n\n\n<p>N\u00e3o monitoramos os prop\u00f3sitos dos usu\u00e1rios ao utilizar o servi\u00e7o. <strong>A GemLogin n\u00e3o \u00e9 respons\u00e1vel por quaisquer danos ou perdas<\/strong> em conex\u00e3o com seu uso do servi\u00e7o.<\/p>\n\n\n\n<h3 class=\"wp-block-heading\"><strong>Isen\u00e7\u00e3o de responsabilidade para sites de terceiros<\/strong><\/h3>\n\n\n\n<p>Quaisquer links para sites de terceiros de <strong>GemLogin<\/strong> <strong>N\u00e3o s\u00e3o<\/strong> endosso ou garantia impl\u00edcita quanto \u00e0 exatid\u00e3o das informa\u00e7\u00f5es nele contidas. Se voc\u00ea sofrer qualquer dano como resultado do uso de um produto\/servi\u00e7o de terceiros, <strong>O GemLogin n\u00e3o \u00e9 respons\u00e1vel<\/strong>.<\/p>\n\n\n\n<p>N\u00f3s <strong>encorajar<\/strong> Leia atentamente os termos e pol\u00edticas de privacidade de sites de terceiros antes de us\u00e1-los.<\/p>\n\n\n\n<h3 class=\"wp-block-heading\"><strong>Detalhes de contato<\/strong><\/h3>\n\n\n\n<p>Para mais informa\u00e7\u00f5es sobre <strong>GemLogin<\/strong>, voc\u00ea pode consultar nosso site. Se tiver alguma d\u00favida sobre estes termos, entre em contato <strong>suporte ao cliente<\/strong> atrav\u00e9s de <strong><a href=\"https:\/\/www.facebook.com\/profile.php?id=61559835616755\" target=\"_blank\" rel=\"noopener\">Fanpage oficial<\/a><\/strong>.<\/p>\n\n\n\n<h3 class=\"wp-block-heading\"><strong>Altera\u00e7\u00f5es nos Termos de Servi\u00e7o<\/strong><\/h3>\n\n\n\n<p><strong>A GemLogin reserva-se o direito de alterar os termos<\/strong> servi\u00e7o a qualquer momento. Recomendamos que voc\u00ea verifique esta p\u00e1gina com frequ\u00eancia para obter as atualiza\u00e7\u00f5es mais recentes.<\/p>\n\n\n\n<p>Ao continuar a usar o servi\u00e7o, voc\u00ea concorda em <strong>quaisquer altera\u00e7\u00f5es a estes termos<\/strong>.<\/p>","protected":false},"excerpt":{"rendered":"<p>Bem-vindo \u00e0 GemLogin! Estes termos se aplicam ao seu uso do site, dos servi\u00e7os e dos aplicativos de computador da GemLogin (coletivamente, \u201cGemLogin\u201d, \u201cn\u00f3s\u201d ou \u201cnosso\u201d). Ao acessar, baixar ou utilizar qualquer servi\u00e7o da GemLogin, voc\u00ea reconhece que leu,\u2026<\/p>","protected":false},"author":1,"featured_media":0,"parent":0,"menu_order":0,"comment_status":"closed","ping_status":"closed","template":"","meta":{"_kad_post_transparent":"","_kad_post_title":"","_kad_post_layout":"","_kad_post_sidebar_id":"","_kad_post_content_style":"","_kad_post_vertical_padding":"","_kad_post_feature":"","_kad_post_feature_position":"","_kad_post_header":false,"_kad_post_footer":false,"footnotes":""},"class_list":["post-1753","page","type-page","status-publish","hentry"],"_links":{"self":[{"href":"https:\/\/gemlogin.vn\/pt\/wp-json\/wp\/v2\/pages\/1753","targetHints":{"allow":["GET"]}}],"collection":[{"href":"https:\/\/gemlogin.vn\/pt\/wp-json\/wp\/v2\/pages"}],"about":[{"href":"https:\/\/gemlogin.vn\/pt\/wp-json\/wp\/v2\/types\/page"}],"author":[{"embeddable":true,"href":"https:\/\/gemlogin.vn\/pt\/wp-json\/wp\/v2\/users\/1"}],"replies":[{"embeddable":true,"href":"https:\/\/gemlogin.vn\/pt\/wp-json\/wp\/v2\/comments?post=1753"}],"version-history":[{"count":1,"href":"https:\/\/gemlogin.vn\/pt\/wp-json\/wp\/v2\/pages\/1753\/revisions"}],"predecessor-version":[{"id":1757,"href":"https:\/\/gemlogin.vn\/pt\/wp-json\/wp\/v2\/pages\/1753\/revisions\/1757"}],"wp:attachment":[{"href":"https:\/\/gemlogin.vn\/pt\/wp-json\/wp\/v2\/media?parent=1753"}],"curies":[{"name":"wp","href":"https:\/\/api.w.org\/{rel}","templated":true}]}}