{"id":1760,"date":"2025-03-13T17:55:55","date_gmt":"2025-03-13T10:55:55","guid":{"rendered":"https:\/\/gemlogin.vn\/?page_id=1760"},"modified":"2025-06-06T00:50:16","modified_gmt":"2025-06-05T17:50:16","slug":"chinh-sach-hoan-tien-cua-gemlogin","status":"publish","type":"page","link":"https:\/\/gemlogin.vn\/ja\/gemlogin\u306e\u8fd4\u91d1\u30dd\u30ea\u30b7\u30fc\/","title":{"rendered":"\u8fd4\u91d1\u30dd\u30ea\u30b7\u30fc"},"content":{"rendered":"<p>\u3067 <strong>\u30b8\u30a7\u30e0\u30ed\u30b0\u30a4\u30f3<\/strong>\u3001\u79c1\u305f\u3061\u306f\u63d0\u4f9b\u3059\u308b\u3053\u3068\u306b\u5c3d\u529b\u3057\u3066\u3044\u307e\u3059 <strong>\u9ad8\u54c1\u8cea\u306a\u30b5\u30fc\u30d3\u30b9<\/strong> \u4fdd\u8a3c <strong>\u9867\u5ba2\u6e80\u8db3\u5ea6<\/strong>\u305f\u3060\u3057\u3001\u72b6\u6cc1\u306b\u3088\u3063\u3066\u306f\u3001 <strong>\u8fd4\u91d1<\/strong>\u3053\u306e\u30dd\u30ea\u30b7\u30fc\u306f\u3001\u30ea\u30af\u30a8\u30b9\u30c8\u306e\u51e6\u7406\u306b\u304a\u3051\u308b\u900f\u660e\u6027\u3068\u516c\u5e73\u6027\u3092\u78ba\u4fdd\u3059\u308b\u305f\u3081\u306b\u5236\u5b9a\u3055\u308c\u3066\u3044\u307e\u3059\u3002<\/p>\n\n\n\n<h2 class=\"wp-block-heading\"><strong>1. \u6255\u3044\u623b\u3057\u6761\u4ef6<\/strong><\/h2>\n\n\n\n<h3 class=\"wp-block-heading\">\u23f3 <strong>\u8a66\u7528\u671f\u9593<\/strong><\/h3>\n\n\n\n<ul class=\"wp-block-list\">\n<li>\u63d0\u4f9b <strong>\u7121\u6599\u8a66\u7528\u671f\u9593<\/strong> \u3059\u3079\u3066\u306e\u65b0\u898f\u30e6\u30fc\u30b6\u30fc\u5411\u3051\u3002<\/li>\n\n\n\n<li><strong>\u3053\u306e\u6642\u9593\u3092\u6d3b\u7528\u3057\u3066<\/strong> \u8cfc\u5165\u524d\u306b\u30b5\u30fc\u30d3\u30b9\u3092\u8a55\u4fa1\u3059\u308b\u3002<\/li>\n\n\n\n<li>\u6255\u3044\u623b\u3057\u3092\u30ea\u30af\u30a8\u30b9\u30c8\u3059\u308b <strong>\u8a66\u7528\u671f\u9593\u5f8c<\/strong> \u4ee5\u4e0b\u306e\u7279\u5b9a\u306e\u5834\u5408\u306b\u306e\u307f\u8003\u616e\u3055\u308c\u307e\u3059\u3002<\/li>\n<\/ul>\n\n\n\n<h3 class=\"wp-block-heading\">\ud83d\udccc <strong>\u6709\u52b9\u306a\u6255\u3044\u623b\u3057\u30ea\u30af\u30a8\u30b9\u30c8<\/strong><\/h3>\n\n\n\n<p><strong>\u8fd4\u91d1\u306e\u307f\u53d7\u3051\u4ed8\u3051\u307e\u3059<\/strong> \u4ee5\u4e0b\u306e\u5834\u5408:<br>\u2705 <strong>\u30bd\u30d5\u30c8\u30a6\u30a7\u30a2\u3092\u30a4\u30f3\u30b9\u30c8\u30fc\u30eb\u307e\u305f\u306f\u4f7f\u7528\u3067\u304d\u306a\u3044<\/strong> \u30c7\u30d0\u30a4\u30b9\u4e0a\u3067\u3002<br>\u2705 <strong>\u30bd\u30d5\u30c8\u30a6\u30a7\u30a2\u304c\u5ba3\u4f1d\u3069\u304a\u308a\u306b\u52d5\u4f5c\u3057\u306a\u3044<\/strong> \u3042\u306a\u305f\u3082 <strong>\u30b5\u30dd\u30fc\u30c8\u3092\u53d7\u3051\u3066\u3044\u306a\u3044<\/strong> GemLogin\u3088\u308a\u3002<\/p>\n\n\n\n<p>\ud83d\udd39 <strong>\u6ce8\u8a18\uff1a<\/strong> \u300c\u5ba3\u4f1d\u3069\u304a\u308a\u306b\u6a5f\u80fd\u3057\u306a\u3044\u300d\u306f\u3001 <strong>GemLogin\u304b\u3089\u306e\u30a8\u30e9\u30fc<\/strong>\u5f53\u793e\u306f\u3001\u672c\u30bd\u30d5\u30c8\u30a6\u30a7\u30a2\u304c <strong>\u7279\u5b9a\u306e\u4ed5\u4e8b\u306b\u52b9\u679c\u7684<\/strong>. <strong>GemLogin\u306f\u30c4\u30fc\u30eb\u3067\u3059<\/strong>\u3001 \u305d\u3057\u3066 <strong>\u52b9\u679c\u306f\u5b8c\u5168\u306b\u30e6\u30fc\u30b6\u30fc\u306b\u4f9d\u5b58\u3057\u307e\u3059\u3002<\/strong>.<\/p>\n\n\n\n<p>\ud83d\udd39 \u30d7\u30e9\u30c3\u30c8\u30d5\u30a9\u30fc\u30e0\u306f\u5b9a\u671f\u7684\u306b\u66f4\u65b0\u3055\u308c\u3001 <strong>\u30a2\u30f3\u30c1\u691c\u51fa\u30d6\u30e9\u30a6\u30b6\u306b\u5bfe\u3057\u3066<\/strong>\u79c1\u305f\u3061\u306f\u3001 <strong>\u3067\u304d\u308b\u3060\u3051\u65e9\u304f\u30bd\u30d5\u30c8\u30a6\u30a7\u30a2\u3092\u66f4\u65b0\u3057\u3066\u304f\u3060\u3055\u3044<\/strong>\u3001\u3057\u304b\u3057\u3053\u3053\u3067\u306f <strong>\u7fa9\u52d9\u7684\u306a\u8cac\u4efb\u3067\u306f\u306a\u3044<\/strong> GemLogin \u3088\u308a\u3002<\/p>\n\n\n\n<p>\u26a0 <strong>\u30bd\u30d5\u30c8\u30a6\u30a7\u30a2\u304c\u3054\u5e0c\u671b\u306e\u4f5c\u696d\u3092\u6e80\u305f\u3055\u306a\u3044\u5834\u5408\u3001\u8fd4\u91d1\u306f\u3044\u305f\u3057\u307e\u305b\u3093<\/strong>. <strong>\u8cfc\u5165\u524d\u306b\u8a66\u3059\u6a29\u5229\u304c\u3042\u308a\u307e\u3059<\/strong> \u9069\u5408\u6027\u3092\u78ba\u8a8d\u3057\u307e\u3059\u3002<\/p>\n\n\n\n<hr class=\"wp-block-separator has-alpha-channel-opacity\"\/>\n\n\n\n<h2 class=\"wp-block-heading\"><strong>2. \u8fd4\u91d1\u3055\u308c\u306a\u3044\u5834\u5408<\/strong><\/h2>\n\n\n\n<p>\ud83d\udeab <strong>\u8003\u3048\u306e\u5909\u5316:<\/strong> \u79c1\u305f\u3061\u306f <strong>\u8fd4\u91d1\u4e0d\u53ef<\/strong> \u8cfc\u5165\u5f8c\u306b\u6c17\u304c\u5909\u308f\u3063\u305f\u5834\u5408\u3002<br>\ud83d\udeab <strong>\u5229\u7528\u898f\u7d04\u9055\u53cd:<\/strong> \u30a2\u30ab\u30a6\u30f3\u30c8\u304c\u505c\u6b62\u3055\u308c\u305f\u5834\u5408 <strong>\u505c\u6b62\u307e\u305f\u306f\u7d42\u4e86\u3059\u308b<\/strong> \u306b\u3088\u308b <strong>\u5229\u7528\u898f\u7d04\u9055\u53cd<\/strong>\u3001 \u3042\u306a\u305f\u306f\u3059\u308b\u3067\u3042\u308d\u3046 <strong>\u8cc7\u683c\u306a\u3057<\/strong> \u6255\u3044\u623b\u3057\u3092\u53d7\u3051\u308b\u306b\u306f\u3002<br>\ud83d\udeab <strong>\u767b\u9332\u6709\u52b9\u671f\u9650:<\/strong> \u6255\u3044\u623b\u3057\u3092\u30ea\u30af\u30a8\u30b9\u30c8\u3059\u308b <strong>\u671f\u9650\u5207\u308c\u307e\u305f\u306f\u4f7f\u3044\u5207\u3063\u305f\u30b5\u30fc\u30d3\u30b9\u306e\u5834\u5408<\/strong> \u53d7\u3051\u5165\u308c\u3089\u308c\u307e\u305b\u3093\u3002<\/p>\n\n\n\n<hr class=\"wp-block-separator has-alpha-channel-opacity\"\/>\n\n\n\n<h2 class=\"wp-block-heading\"><strong>3. \u6255\u3044\u623b\u3057\u624b\u7d9a\u304d<\/strong><\/h2>\n\n\n\n<p>\ud83d\udce9 <strong>\u30b9\u30c6\u30c3\u30d71: \u30ea\u30af\u30a8\u30b9\u30c8\u3092\u9001\u4fe1\u3059\u308b<\/strong><\/p>\n\n\n\n<ul class=\"wp-block-list\">\n<li>\u63a5\u89e6 <strong>\u30ab\u30b9\u30bf\u30de\u30fc\u30b5\u30dd\u30fc\u30c8<\/strong> \u7d4c\u7531 <strong><a href=\"https:\/\/www.facebook.com\/profile.php?id=61559835616755\" target=\"_blank\" rel=\"noopener\">\u516c\u5f0f\u30d5\u30a1\u30f3\u30da\u30fc\u30b8<\/a><\/strong>.<\/li>\n\n\n\n<li>\u63d0\u4f9b\u3059\u308b <strong>\u6ce8\u6587\u60c5\u5831<\/strong> \u305d\u3057\u3066 <strong>\u6255\u3044\u623b\u3057\u7406\u7531<\/strong>.<\/li>\n<\/ul>\n\n\n\n<p>\ud83d\udcdd <strong>\u30b9\u30c6\u30c3\u30d72: \u78ba\u8a8d\u3068\u627f\u8a8d<\/strong><\/p>\n\n\n\n<ul class=\"wp-block-list\">\n<li>\u5404\u30ea\u30af\u30a8\u30b9\u30c8\u306f <strong>\u614e\u91cd\u306b\u691c\u8a0e\u3059\u308b<\/strong> \u79c1\u305f\u3061\u306e\u30c1\u30fc\u30e0\u306b\u3088\u3063\u3066\u3002<\/li>\n\n\n\n<li>\u3082\u3057\u53ef\u80fd\u306a\u3089 <strong>\u53d7\u3051\u5165\u308c<\/strong>\u6255\u3044\u623b\u3057\u306f\u5143\u306e\u652f\u6255\u3044\u65b9\u6cd5\u3067\u51e6\u7406\u3055\u308c\u307e\u3059\u3002<\/li>\n<\/ul>\n\n\n\n<p>\u23f3 <strong>\u30b9\u30c6\u30c3\u30d73: \u51e6\u7406\u6642\u9593<\/strong><\/p>\n\n\n\n<ul class=\"wp-block-list\">\n<li>\u627f\u8a8d\u3055\u308c\u308b\u3068\u3001\u6255\u3044\u623b\u3057\u306f <strong>7\uff5e10\u55b6\u696d\u65e5<\/strong>.<\/li>\n\n\n\n<li><strong>\u304a\u91d1\u3092\u53d7\u3051\u53d6\u308b\u6642\u9593<\/strong> \u306b\u3088\u3063\u3066\u7570\u306a\u308b\u5834\u5408\u304c\u3042\u308a\u307e\u3059 <strong>\u4f7f\u7528\u3059\u308b\u6c7a\u6e08\u30b2\u30fc\u30c8\u30a6\u30a7\u30a4<\/strong>.<\/li>\n<\/ul>\n\n\n\n<hr class=\"wp-block-separator has-alpha-channel-opacity\"\/>\n\n\n\n<h2 class=\"wp-block-heading\"><strong>4. \u30b5\u30fc\u30d3\u30b9\u306e\u30ad\u30e3\u30f3\u30bb\u30eb<\/strong><\/h2>\n\n\n\n<p>\ud83d\udccc <strong>\u767b\u9332\u30b5\u30fc\u30d3\u30b9:<\/strong><\/p>\n\n\n\n<ul class=\"wp-block-list\">\n<li>\u3082\u3057\u3042\u306a\u305f\u304c <strong>\u8cfc\u8aad\u89e3\u9664<\/strong> \u8acb\u6c42\u30b5\u30a4\u30af\u30eb\u304c\u7d42\u4e86\u3059\u308b\u524d\u306b\u3001 <strong>\u5f15\u304d\u7d9a\u304d\u30b5\u30fc\u30d3\u30b9\u3092\u5229\u7528\u3067\u304d\u307e\u3059<\/strong> \u6709\u52b9\u671f\u9650\u304c\u5207\u308c\u308b\u307e\u3067\u3002<\/li>\n\n\n\n<li>\u79c1\u305f\u3061\u306f <strong>\u8fd4\u91d1\u4e0d\u53ef<\/strong> \u4e0e\u3048\u308b <strong>\u6b8b\u308a\u306e\u672a\u4f7f\u7528\u6642\u9593<\/strong>.<\/li>\n<\/ul>\n\n\n\n<hr class=\"wp-block-separator has-alpha-channel-opacity\"\/>\n\n\n\n<h2 class=\"wp-block-heading\"><strong>5. \u8fd4\u91d1\u30dd\u30ea\u30b7\u30fc\u306e\u5909\u66f4<\/strong><\/h2>\n\n\n\n<p><strong>GemLogin \u306f\u3001\u8fd4\u91d1\u30dd\u30ea\u30b7\u30fc\u3092\u3044\u3064\u3067\u3082\u5909\u66f4\u307e\u305f\u306f\u66f4\u65b0\u3059\u308b\u6a29\u5229\u3092\u7559\u4fdd\u3057\u307e\u3059\u3002<\/strong> \u4e8b\u524d\u306e\u901a\u77e5\u306a\u3057\u3002 <strong>\u5909\u66f4\u306f\u30a6\u30a7\u30d6\u30b5\u30a4\u30c8\u306b\u63b2\u8f09\u3055\u308c\u305f\u6642\u70b9\u3067\u76f4\u3061\u306b\u6709\u52b9\u3068\u306a\u308a\u307e\u3059\u3002<\/strong>.<\/p>\n\n\n\n<hr class=\"wp-block-separator has-alpha-channel-opacity\"\/>\n\n\n\n<h2 class=\"wp-block-heading\"><strong>6. \u9023\u7d61\u5148<\/strong><\/h2>\n\n\n\n<p>\ud83d\udce2 \u3054\u8cea\u554f\u304c\u3054\u3056\u3044\u307e\u3057\u305f\u3089 <strong>\u8fd4\u91d1\u30dd\u30ea\u30b7\u30fc<\/strong>\u3001\u304a\u554f\u3044\u5408\u308f\u305b\u304f\u3060\u3055\u3044\uff1a<br>\ud83d\udccc <strong>\u516c\u5f0f\u30d5\u30a1\u30f3\u30da\u30fc\u30b8:<\/strong> <a href=\"https:\/\/www.facebook.com\/profile.php?id=61559835616755\" target=\"_blank\" rel=\"noopener\">GemLogin\u30d5\u30a1\u30f3\u30da\u30fc\u30b8<\/a><\/p>","protected":false},"excerpt":{"rendered":"<p>T\u1ea1i GemLogin, ch\u00fang t\u00f4i cam k\u1ebft cung c\u1ea5p d\u1ecbch v\u1ee5 ch\u1ea5t l\u01b0\u1ee3ng cao v\u00e0 \u0111\u1ea3m b\u1ea3o s\u1ef1 h\u00e0i l\u00f2ng c\u1ee7a kh\u00e1ch h\u00e0ng. Tuy nhi\u00ean, ch\u00fang t\u00f4i hi\u1ec3u r\u1eb1ng c\u00f3 th\u1ec3 c\u00f3 nh\u1eefng t\u00ecnh hu\u1ed1ng ph\u00e1t sinh khi\u1ebfn b\u1ea1n c\u1ea7n y\u00eau c\u1ea7u ho\u00e0n ti\u1ec1n. Ch\u00ednh s\u00e1ch n\u00e0y \u0111\u01b0\u1ee3c thi\u1ebft l\u1eadp \u0111\u1ec3 \u0111\u1ea3m b\u1ea3o t\u00ednh minh b\u1ea1ch v\u00e0 c\u00f4ng b\u1eb1ng trong vi\u1ec7c x\u1eed l\u00fd c\u00e1c y\u00eau c\u1ea7u. 1. \u0110i\u1ec1u Ki\u1ec7n Ho\u00e0n Ti\u1ec1n \u23f3 Th\u1eddi Gian D\u00f9ng Th\u1eed \ud83d\udccc Y\u00eau C\u1ea7u Ho\u00e0n Ti\u1ec1n H\u1ee3p L\u1ec7 Ch\u00fang t\u00f4i ch\u1ec9 ch\u1ea5p nh\u1eadn ho\u00e0n ti\u1ec1n trong c\u00e1c tr\u01b0\u1eddng h\u1ee3p:\u2705 Ph\u1ea7n m\u1ec1m kh\u00f4ng th\u1ec3 c\u00e0i \u0111\u1eb7t ho\u1eb7c s\u1eed d\u1ee5ng tr\u00ean thi\u1ebft b\u1ecb c\u1ee7a b\u1ea1n.\u2705 Ph\u1ea7n m\u1ec1m kh\u00f4ng&#8230;<\/p>","protected":false},"author":1,"featured_media":0,"parent":0,"menu_order":0,"comment_status":"closed","ping_status":"closed","template":"","meta":{"_kad_post_transparent":"","_kad_post_title":"","_kad_post_layout":"","_kad_post_sidebar_id":"","_kad_post_content_style":"","_kad_post_vertical_padding":"","_kad_post_feature":"","_kad_post_feature_position":"","_kad_post_header":false,"_kad_post_footer":false,"footnotes":""},"class_list":["post-1760","page","type-page","status-publish","hentry"],"_links":{"self":[{"href":"https:\/\/gemlogin.vn\/ja\/wp-json\/wp\/v2\/pages\/1760","targetHints":{"allow":["GET"]}}],"collection":[{"href":"https:\/\/gemlogin.vn\/ja\/wp-json\/wp\/v2\/pages"}],"about":[{"href":"https:\/\/gemlogin.vn\/ja\/wp-json\/wp\/v2\/types\/page"}],"author":[{"embeddable":true,"href":"https:\/\/gemlogin.vn\/ja\/wp-json\/wp\/v2\/users\/1"}],"replies":[{"embeddable":true,"href":"https:\/\/gemlogin.vn\/ja\/wp-json\/wp\/v2\/comments?post=1760"}],"version-history":[{"count":2,"href":"https:\/\/gemlogin.vn\/ja\/wp-json\/wp\/v2\/pages\/1760\/revisions"}],"predecessor-version":[{"id":2185,"href":"https:\/\/gemlogin.vn\/ja\/wp-json\/wp\/v2\/pages\/1760\/revisions\/2185"}],"wp:attachment":[{"href":"https:\/\/gemlogin.vn\/ja\/wp-json\/wp\/v2\/media?parent=1760"}],"curies":[{"name":"wp","href":"https:\/\/api.w.org\/{rel}","templated":true}]}}