{"id":1760,"date":"2025-03-13T17:55:55","date_gmt":"2025-03-13T10:55:55","guid":{"rendered":"https:\/\/gemlogin.vn\/?page_id=1760"},"modified":"2025-06-06T00:50:16","modified_gmt":"2025-06-05T17:50:16","slug":"chinh-sach-hoan-tien-cua-gemlogin","status":"publish","type":"page","link":"https:\/\/gemlogin.vn\/es\/politica-de-reembolso-de-gemlogin\/","title":{"rendered":"Pol\u00edtica de reembolso"},"content":{"rendered":"<p>En <strong>GemLogin<\/strong>Estamos comprometidos a brindar <strong>servicio de alta calidad<\/strong> y garant\u00eda <strong>satisfacci\u00f3n del cliente<\/strong>Sin embargo, entendemos que pueden surgir situaciones en las que sea necesario solicitar <strong>reembolso<\/strong>Esta pol\u00edtica se establece para garantizar la transparencia y la equidad en el procesamiento de las solicitudes.<\/p>\n\n\n\n<h2 class=\"wp-block-heading\"><strong>1. Condiciones de reembolso<\/strong><\/h2>\n\n\n\n<h3 class=\"wp-block-heading\">\u23f3 <strong>Per\u00edodo de prueba<\/strong><\/h3>\n\n\n\n<ul class=\"wp-block-list\">\n<li>Nosotros proporcionamos <strong>per\u00edodo de prueba gratuito<\/strong> Para todos los nuevos usuarios.<\/li>\n\n\n\n<li><strong>Aprovecha este tiempo<\/strong> Para evaluar el servicio antes de comprarlo.<\/li>\n\n\n\n<li>Solicitar un reembolso <strong>despu\u00e9s del per\u00edodo de prueba<\/strong> S\u00f3lo se considerar\u00e1n en los casos espec\u00edficos que se indican a continuaci\u00f3n.<\/li>\n<\/ul>\n\n\n\n<h3 class=\"wp-block-heading\">\ud83d\udccc <strong>Solicitud de reembolso v\u00e1lida<\/strong><\/h3>\n\n\n\n<p><strong>Solo aceptamos reembolsos<\/strong> en los siguientes casos:<br>\u2705 <strong>El software no se puede instalar ni utilizar<\/strong> en su dispositivo.<br>\u2705 <strong>El software no funciona como se anuncia<\/strong> y t\u00fa <strong>no se recibi\u00f3 apoyo<\/strong> de GemLogin.<\/p>\n\n\n\n<p>\ud83d\udd39 <strong>Nota:<\/strong> \u201cNo funciona como se anuncia\u201d solo se aplica cuando <strong>Error de GemLogin<\/strong>No garantizamos que el software... <strong>eficaz para su trabajo espec\u00edfico<\/strong>. <strong>GemLogin es una herramienta<\/strong>, y <strong>La eficacia depende enteramente del usuario.<\/strong>.<\/p>\n\n\n\n<p>\ud83d\udd39 Las plataformas se actualizan peri\u00f3dicamente para <strong>contra navegadores anti-detecci\u00f3n<\/strong>Estamos comprometidos <strong>Actualice el software lo antes posible<\/strong>, pero aqu\u00ed <strong>no es una responsabilidad obligatoria<\/strong> por GemLogin.<\/p>\n\n\n\n<p>\u26a0 <strong>No hay reembolsos si el software no cumple con el trabajo deseado<\/strong>. <strong>Tienes derecho a probar antes de comprar.<\/strong> para comprobar la idoneidad.<\/p>\n\n\n\n<hr class=\"wp-block-separator has-alpha-channel-opacity\"\/>\n\n\n\n<h2 class=\"wp-block-heading\"><strong>2. Casos de no reembolso<\/strong><\/h2>\n\n\n\n<p>\ud83d\udeab <strong>Cambio de la opini\u00f3n:<\/strong> Nosotros <strong>sin reembolso<\/strong> Si cambia de opini\u00f3n despu\u00e9s de la compra.<br>\ud83d\udeab <strong>Violaci\u00f3n de los T\u00e9rminos:<\/strong> Si su cuenta est\u00e1 suspendida <strong>suspender o terminar<\/strong> por <strong>Violaci\u00f3n de los T\u00e9rminos de Servicio<\/strong>, Vas a <strong>no elegible<\/strong> para obtener un reembolso.<br>\ud83d\udeab <strong>Vencimiento del registro:<\/strong> Solicitar un reembolso <strong>para servicios vencidos o agotados<\/strong> No ser\u00e1 aceptado.<\/p>\n\n\n\n<hr class=\"wp-block-separator has-alpha-channel-opacity\"\/>\n\n\n\n<h2 class=\"wp-block-heading\"><strong>3. Proceso de reembolso<\/strong><\/h2>\n\n\n\n<p>\ud83d\udce9 <strong>Paso 1: Enviar solicitud<\/strong><\/p>\n\n\n\n<ul class=\"wp-block-list\">\n<li>Contacto <strong>Atenci\u00f3n al cliente<\/strong> a trav\u00e9s de <strong><a href=\"https:\/\/www.facebook.com\/profile.php?id=61559835616755\" target=\"_blank\" rel=\"noopener\">P\u00e1gina oficial de fans<\/a><\/strong>.<\/li>\n\n\n\n<li>Proporcionar <strong>Informaci\u00f3n del pedido<\/strong> y <strong>Motivo del reembolso<\/strong>.<\/li>\n<\/ul>\n\n\n\n<p>\ud83d\udcdd <strong>Paso 2: Revisi\u00f3n y aprobaci\u00f3n<\/strong><\/p>\n\n\n\n<ul class=\"wp-block-list\">\n<li>Cada solicitud ser\u00e1 <strong>considere cuidadosamente<\/strong> por nuestro equipo.<\/li>\n\n\n\n<li>Si es posible <strong>aceptaci\u00f3n<\/strong>, el reembolso se procesar\u00e1 a trav\u00e9s del m\u00e9todo de pago original.<\/li>\n<\/ul>\n\n\n\n<p>\u23f3 <strong>Paso 3: Tiempo de procesamiento<\/strong><\/p>\n\n\n\n<ul class=\"wp-block-list\">\n<li>Una vez aprobado, el reembolso se procesar\u00e1 dentro de <strong>7-10 d\u00edas h\u00e1biles<\/strong>.<\/li>\n\n\n\n<li><strong>Es hora de recibir dinero<\/strong> Puede variar dependiendo de <strong>pasarela de pago que utiliza<\/strong>.<\/li>\n<\/ul>\n\n\n\n<hr class=\"wp-block-separator has-alpha-channel-opacity\"\/>\n\n\n\n<h2 class=\"wp-block-heading\"><strong>4. Cancelaci\u00f3n del Servicio<\/strong><\/h2>\n\n\n\n<p>\ud83d\udccc <strong>Servicios de Registro:<\/strong><\/p>\n\n\n\n<ul class=\"wp-block-list\">\n<li>Si usted <strong>cancelar la suscripci\u00f3n<\/strong> Antes de que finalice el ciclo de facturaci\u00f3n, usted <strong>Todav\u00eda puedes usar el servicio<\/strong> hasta su vencimiento.<\/li>\n\n\n\n<li>Nosotros <strong>sin reembolso<\/strong> dar <strong>tiempo restante no utilizado<\/strong>.<\/li>\n<\/ul>\n\n\n\n<hr class=\"wp-block-separator has-alpha-channel-opacity\"\/>\n\n\n\n<h2 class=\"wp-block-heading\"><strong>5. Cambios en la pol\u00edtica de reembolsos<\/strong><\/h2>\n\n\n\n<p><strong>GemLogin se reserva el derecho de cambiar o actualizar la Pol\u00edtica de reembolso en cualquier momento.<\/strong> sin previo aviso. <strong>Cualquier cambio entrar\u00e1 en vigor inmediatamente despu\u00e9s de su publicaci\u00f3n en el sitio web.<\/strong>.<\/p>\n\n\n\n<hr class=\"wp-block-separator has-alpha-channel-opacity\"\/>\n\n\n\n<h2 class=\"wp-block-heading\"><strong>6. Informaci\u00f3n de contacto<\/strong><\/h2>\n\n\n\n<p>\ud83d\udce2 Si tienes alguna pregunta sobre <strong>Pol\u00edtica de reembolso<\/strong>, por favor p\u00f3ngase en contacto con:<br>\ud83d\udccc <strong>P\u00e1gina oficial de fans:<\/strong> <a href=\"https:\/\/www.facebook.com\/profile.php?id=61559835616755\" target=\"_blank\" rel=\"noopener\">P\u00e1gina de fans de GemLogin<\/a><\/p>","protected":false},"excerpt":{"rendered":"<p>En GemLogin, nos comprometemos a brindar un servicio de alta calidad y garantizar la satisfacci\u00f3n del cliente. Sin embargo, entendemos que puede haber situaciones en las que necesite solicitar un reembolso. Esta pol\u00edtica se implementa para garantizar la transparencia.<\/p>","protected":false},"author":1,"featured_media":0,"parent":0,"menu_order":0,"comment_status":"closed","ping_status":"closed","template":"","meta":{"_kad_post_transparent":"","_kad_post_title":"","_kad_post_layout":"","_kad_post_sidebar_id":"","_kad_post_content_style":"","_kad_post_vertical_padding":"","_kad_post_feature":"","_kad_post_feature_position":"","_kad_post_header":false,"_kad_post_footer":false,"footnotes":""},"class_list":["post-1760","page","type-page","status-publish","hentry"],"_links":{"self":[{"href":"https:\/\/gemlogin.vn\/es\/wp-json\/wp\/v2\/pages\/1760","targetHints":{"allow":["GET"]}}],"collection":[{"href":"https:\/\/gemlogin.vn\/es\/wp-json\/wp\/v2\/pages"}],"about":[{"href":"https:\/\/gemlogin.vn\/es\/wp-json\/wp\/v2\/types\/page"}],"author":[{"embeddable":true,"href":"https:\/\/gemlogin.vn\/es\/wp-json\/wp\/v2\/users\/1"}],"replies":[{"embeddable":true,"href":"https:\/\/gemlogin.vn\/es\/wp-json\/wp\/v2\/comments?post=1760"}],"version-history":[{"count":2,"href":"https:\/\/gemlogin.vn\/es\/wp-json\/wp\/v2\/pages\/1760\/revisions"}],"predecessor-version":[{"id":2185,"href":"https:\/\/gemlogin.vn\/es\/wp-json\/wp\/v2\/pages\/1760\/revisions\/2185"}],"wp:attachment":[{"href":"https:\/\/gemlogin.vn\/es\/wp-json\/wp\/v2\/media?parent=1760"}],"curies":[{"name":"wp","href":"https:\/\/api.w.org\/{rel}","templated":true}]}}