{"id":1753,"date":"2025-03-13T17:50:41","date_gmt":"2025-03-13T10:50:41","guid":{"rendered":"https:\/\/gemlogin.vn\/?page_id=1753"},"modified":"2025-03-19T21:44:03","modified_gmt":"2025-03-19T14:44:03","slug":"dieu-khoan-su-dung","status":"publish","type":"page","link":"https:\/\/gemlogin.vn\/es\/condiciones-de-uso\/","title":{"rendered":"Condiciones de uso"},"content":{"rendered":"<p><strong>\u00a1Bienvenido a GemLogin!<\/strong><br>Estos t\u00e9rminos se aplican a su uso del sitio web, los servicios y las aplicaciones inform\u00e1ticas. <strong>GemLogin<\/strong> (colectivamente, \u201cGemLogin\u201d, \u201cnosotros\u201d, \u201cnos\u201d). Cuando accede, descarga o utiliza cualquiera de los servicios de <strong>GemLogin<\/strong>, significa que ha le\u00eddo, comprendido y aceptado todos estos t\u00e9rminos, as\u00ed como <strong>pol\u00edtica de privacidad<\/strong> nuestro.<\/p>\n\n\n\n<h3 class=\"wp-block-heading\"><strong>Servicio GemLogin<\/strong><\/h3>\n\n\n\n<p>Ofrecemos un servicio para crear, administrar, compartir y usar archivos de configuraci\u00f3n de navegadores virtuales en uno o m\u00e1s dispositivos, y controlar la identificaci\u00f3n de navegadores y dispositivos mediante la aplicaci\u00f3n. Puede obtener m\u00e1s informaci\u00f3n sobre este servicio en nuestro sitio web.<\/p>\n\n\n\n<p>Nos reservamos el derecho de limitar el n\u00famero de servicios que ofrecemos.<\/p>\n\n\n\n<p>Estamos comprometidos con un servicio de calidad y haremos todo lo posible para superar sus expectativas.<\/p>\n\n\n\n<h3 class=\"wp-block-heading\"><strong>Condiciones de uso<\/strong><\/h3>\n\n\n\n<p>Debe cumplir ciertos criterios para poder utilizar nuestros servicios. <strong>GemLogin<\/strong>Puedes seguir el sitio web <strong>GemLogin<\/strong> sin registrar una cuenta. Sin embargo, al registrar una cuenta, debe tener al menos <strong>18 a\u00f1os<\/strong> o mayor de edad en el lugar donde reside. Usted es responsable de su cuenta y de todas las actividades que realice en ella.<\/p>\n\n\n\n<p>Al acceder o utilizar nuestros servicios, usted se compromete a no infringir ninguna ley, derecho contractual, derecho de propiedad intelectual o derecho de terceros, ni a cometer actos perjudiciales. Usted es el \u00fanico responsable de todas sus acciones al utilizar los servicios.<\/p>\n\n\n\n<p>En concreto, no podr\u00e1:<\/p>\n\n\n\n<ul class=\"wp-block-list\">\n<li>Infracci\u00f3n o violaci\u00f3n de los derechos de otra persona, violaci\u00f3n de la ley o contrato.<\/li>\n\n\n\n<li>Da\u00f1ar las computadoras de otras personas.<\/li>\n\n\n\n<li>Distribuir virus o contenido malicioso que interrumpa el servicio.<\/li>\n\n\n\n<li>Intentar interferir con el funcionamiento normal de <strong>GemLogin<\/strong>.<\/li>\n\n\n\n<li>Usar la cuenta de otra persona sin permiso.<\/li>\n\n\n\n<li>Da\u00f1os a sistemas, datos, contrase\u00f1as o informaci\u00f3n <strong>GemLogin<\/strong> o de terceros.<\/li>\n\n\n\n<li>Provocar una sobrecarga en nuestros sistemas o en los de un proveedor externo.<\/li>\n<\/ul>\n\n\n\n<h3 class=\"wp-block-heading\"><strong>Paquete de suscripci\u00f3n<\/strong><\/h3>\n\n\n\n<p>Una vez que instale la aplicaci\u00f3n y configure su cuenta, podr\u00e1 elegir <strong>Paquete de suscripci\u00f3n est\u00e1ndar<\/strong> El costo y las caracter\u00edsticas de cada paquete de servicios se describen en la p\u00e1gina. <strong>Lista de precios<\/strong> en <strong><a>https:\/\/gemlogin.vn\/bang-gia<\/a><\/strong>.<\/p>\n\n\n\n<p>Si necesita una soluci\u00f3n personalizada, p\u00f3ngase en contacto con nosotros. <strong>Atenci\u00f3n al cliente<\/strong> a trav\u00e9s de <strong><a href=\"https:\/\/www.facebook.com\/profile.php?id=61559835616755\" target=\"_blank\" rel=\"noopener\">P\u00e1gina oficial de fans<\/a><\/strong> para pedir consejo<\/p>\n\n\n\n<h3 class=\"wp-block-heading\"><strong>Eliminar cuenta<\/strong><\/h3>\n\n\n\n<p>Puedes contactarnos para eliminar tu cuenta en el sitio web o la aplicaci\u00f3n. Ten en cuenta que, despu\u00e9s de eliminar tu cuenta, <strong>todos los datos<\/strong> En tu cuenta y la del miembro del grupo tambi\u00e9n se eliminar\u00e1n. Si quieres volver a registrarte, debes <strong>nuevo registro<\/strong> para utilizar el servicio.<\/p>\n\n\n\n<h3 class=\"wp-block-heading\"><strong>Descargo de responsabilidad<\/strong><\/h3>\n\n\n\n<p>Nosotros <strong>no responsable<\/strong> en los siguientes casos:<\/p>\n\n\n\n<ul class=\"wp-block-list\">\n<li>El servidor es inaccesible o se pierden datos debido a que el usuario no renueva el servicio a tiempo.<\/li>\n\n\n\n<li>Errores causados por error del usuario o violaci\u00f3n de los t\u00e9rminos de uso.<\/li>\n\n\n\n<li>Inaccesibilidad o p\u00e9rdida de datos debido a causas de fuerza mayor como desastres naturales, ataques distribuidos de denegaci\u00f3n de servicio (DDoS), mantenimiento del sistema.<\/li>\n\n\n\n<li>Fallo de red a gran escala fuera de nuestro control.<\/li>\n<\/ul>\n\n\n\n<p>Nosotros <strong>recomendaci\u00f3n<\/strong> Los usuarios deben <strong>Realice copias de seguridad de los datos peri\u00f3dicamente<\/strong> para garantizar la seguridad de los datos y mantener operaciones estables. <strong>GemLogin no tiene obligaci\u00f3n de proporcionar datos de respaldo.<\/strong> para los usuarios.<\/p>\n\n\n\n<p>No monitoreamos los prop\u00f3sitos que los usuarios tienen para usar el servicio. <strong>GemLogin no es responsable de ning\u00fan da\u00f1o o p\u00e9rdida.<\/strong> en relaci\u00f3n con su uso del servicio.<\/p>\n\n\n\n<h3 class=\"wp-block-heading\"><strong>Descargo de responsabilidad para sitios web de terceros<\/strong><\/h3>\n\n\n\n<p>Cualquier enlace a sitios web de terceros desde <strong>GemLogin<\/strong> <strong>No son<\/strong> No se garantiza la exactitud de la informaci\u00f3n aqu\u00ed contenida. Si sufre alg\u00fan da\u00f1o como resultado del uso de un producto o servicio de terceros, <strong>GemLogin no es responsable<\/strong>.<\/p>\n\n\n\n<p>Nosotros <strong>alentar<\/strong> Lea atentamente los t\u00e9rminos y pol\u00edticas de privacidad de sitios web de terceros antes de usarlos.<\/p>\n\n\n\n<h3 class=\"wp-block-heading\"><strong>Datos de contacto<\/strong><\/h3>\n\n\n\n<p>Para obtener m\u00e1s informaci\u00f3n sobre <strong>GemLogin<\/strong>Puede consultar nuestro sitio web. Si tiene alguna pregunta sobre estos t\u00e9rminos, cont\u00e1ctenos. <strong>Atenci\u00f3n al cliente<\/strong> a trav\u00e9s de <strong><a href=\"https:\/\/www.facebook.com\/profile.php?id=61559835616755\" target=\"_blank\" rel=\"noopener\">P\u00e1gina oficial de fans<\/a><\/strong>.<\/p>\n\n\n\n<h3 class=\"wp-block-heading\"><strong>Cambios en los T\u00e9rminos de Servicio<\/strong><\/h3>\n\n\n\n<p><strong>GemLogin se reserva el derecho de cambiar los t\u00e9rminos.<\/strong> Servicio en cualquier momento. Le recomendamos consultar esta p\u00e1gina con frecuencia para obtener las \u00faltimas actualizaciones.<\/p>\n\n\n\n<p>Al continuar utilizando el servicio, usted acepta <strong>cualquier cambio en estos t\u00e9rminos<\/strong>.<\/p>","protected":false},"excerpt":{"rendered":"<p>\u00a1Bienvenido a GemLogin! Estos t\u00e9rminos se aplican a su uso del sitio web, los servicios y las aplicaciones inform\u00e1ticas de GemLogin (en conjunto, \u00abGemLogin\u00bb, \u00abnosotros\u00bb, \u00abnos\u00bb o \u00abnuestro\u00bb). Al acceder, descargar o utilizar cualquier servicio de GemLogin, usted reconoce haber le\u00eddo,\u2026<\/p>","protected":false},"author":1,"featured_media":0,"parent":0,"menu_order":0,"comment_status":"closed","ping_status":"closed","template":"","meta":{"_kad_post_transparent":"","_kad_post_title":"","_kad_post_layout":"","_kad_post_sidebar_id":"","_kad_post_content_style":"","_kad_post_vertical_padding":"","_kad_post_feature":"","_kad_post_feature_position":"","_kad_post_header":false,"_kad_post_footer":false,"footnotes":""},"class_list":["post-1753","page","type-page","status-publish","hentry"],"_links":{"self":[{"href":"https:\/\/gemlogin.vn\/es\/wp-json\/wp\/v2\/pages\/1753","targetHints":{"allow":["GET"]}}],"collection":[{"href":"https:\/\/gemlogin.vn\/es\/wp-json\/wp\/v2\/pages"}],"about":[{"href":"https:\/\/gemlogin.vn\/es\/wp-json\/wp\/v2\/types\/page"}],"author":[{"embeddable":true,"href":"https:\/\/gemlogin.vn\/es\/wp-json\/wp\/v2\/users\/1"}],"replies":[{"embeddable":true,"href":"https:\/\/gemlogin.vn\/es\/wp-json\/wp\/v2\/comments?post=1753"}],"version-history":[{"count":1,"href":"https:\/\/gemlogin.vn\/es\/wp-json\/wp\/v2\/pages\/1753\/revisions"}],"predecessor-version":[{"id":1757,"href":"https:\/\/gemlogin.vn\/es\/wp-json\/wp\/v2\/pages\/1753\/revisions\/1757"}],"wp:attachment":[{"href":"https:\/\/gemlogin.vn\/es\/wp-json\/wp\/v2\/media?parent=1753"}],"curies":[{"name":"wp","href":"https:\/\/api.w.org\/{rel}","templated":true}]}}